{"id":3515,"date":"2019-07-24T12:45:29","date_gmt":"2019-07-24T12:45:29","guid":{"rendered":"https:\/\/kumahome.com.ar\/index.php\/acerca-de-factory\/"},"modified":"2019-07-31T18:27:19","modified_gmt":"2019-07-31T18:27:19","slug":"empresa","status":"publish","type":"page","link":"https:\/\/kumahome.com.ar\/index.php\/empresa\/","title":{"rendered":"Empresa"},"content":{"rendered":"<p>[vc_row content_placement=\u00bbmiddle\u00bb css=\u00bb.vc_custom_1505555012006{margin-bottom: 5vh !important;}\u00bb][vc_column offset=\u00bbvc_col-md-6&#8243;]\t\t<div id=\"gallery_684\" class=\"woodmart-images-gallery view-grid photoswipe-images\" >\n\t\t\t<div class=\"gallery-images row woodmart-spacing-2\">\n\t\t\t\t\t\t\t\t\t\t\t\t\t\t\t<div class=\"woodmart-gallery-item col-6\">\n\t\t\t\t\t\t\t\t\t\t\t\t\t\t<a href=\"https:\/\/kumahome.com.ar\/wp-content\/uploads\/2019\/07\/DSC_0851-2.jpg\" data-elementor-open-lightbox=\"no\" data-index=\"1\" data-width=\"1500\" data-height=\"1000\"  >\n\t\t\t\t\t\t\t\t\t\t\t\t\t\t\t\t\n\t\t\t\t\t\t\t\t\t\t\t\t\t\t\t\t\t<img loading=\"lazy\" decoding=\"async\" class=\"woodmart-gallery-image image-1 \" src=\"https:\/\/kumahome.com.ar\/wp-content\/uploads\/2019\/07\/DSC_0851-2-900x600.jpg\" width=\"900\" height=\"600\" alt=\"DSC_0851\" title=\"DSC_0851\" \/>\t\t\t\t\t\t\t\t\t\t\t\t\t\t\t\t\n\t\t\t\t\t\t\t\t\n\t\t\t\t\t\t\t\t\t\t\t\t\t\t\t<\/a>\n\t\t\t\t\t\t\t\t\t\t\t\t<\/div>\n\t\t\t\t\t\t\t\t\t\t\t<div class=\"woodmart-gallery-item col-6\">\n\t\t\t\t\t\t\t\t\t\t\t\t\t\t<a href=\"https:\/\/kumahome.com.ar\/wp-content\/uploads\/2019\/07\/DSC_0832-2.jpg\" data-elementor-open-lightbox=\"no\" data-index=\"2\" data-width=\"1500\" data-height=\"1000\"  >\n\t\t\t\t\t\t\t\t\t\t\t\t\t\t\t\t\n\t\t\t\t\t\t\t\t\t\t\t\t\t\t\t\t\t<img loading=\"lazy\" decoding=\"async\" class=\"woodmart-gallery-image image-2 \" src=\"https:\/\/kumahome.com.ar\/wp-content\/uploads\/2019\/07\/DSC_0832-2-900x600.jpg\" width=\"900\" height=\"600\" alt=\"DSC_0832\" title=\"DSC_0832\" \/>\t\t\t\t\t\t\t\t\t\t\t\t\t\t\t\t\n\t\t\t\t\t\t\t\t\n\t\t\t\t\t\t\t\t\t\t\t\t\t\t\t<\/a>\n\t\t\t\t\t\t\t\t\t\t\t\t<\/div>\n\t\t\t\t\t\t\t\t\t\t\t<div class=\"woodmart-gallery-item col-6\">\n\t\t\t\t\t\t\t\t\t\t\t\t\t\t<a href=\"https:\/\/kumahome.com.ar\/wp-content\/uploads\/2019\/07\/DSC_0838-1.jpg\" data-elementor-open-lightbox=\"no\" data-index=\"3\" data-width=\"1500\" data-height=\"1000\"  >\n\t\t\t\t\t\t\t\t\t\t\t\t\t\t\t\t\n\t\t\t\t\t\t\t\t\t\t\t\t\t\t\t\t\t<img loading=\"lazy\" decoding=\"async\" class=\"woodmart-gallery-image image-3 \" src=\"https:\/\/kumahome.com.ar\/wp-content\/uploads\/2019\/07\/DSC_0838-1-900x600.jpg\" width=\"900\" height=\"600\" alt=\"DSC_0838\" title=\"DSC_0838\" \/>\t\t\t\t\t\t\t\t\t\t\t\t\t\t\t\t\n\t\t\t\t\t\t\t\t\n\t\t\t\t\t\t\t\t\t\t\t\t\t\t\t<\/a>\n\t\t\t\t\t\t\t\t\t\t\t\t<\/div>\n\t\t\t\t\t\t\t\t\t\t\t<div class=\"woodmart-gallery-item col-6\">\n\t\t\t\t\t\t\t\t\t\t\t\t\t\t<a href=\"https:\/\/kumahome.com.ar\/wp-content\/uploads\/2019\/07\/DSC_0840-1.jpg\" data-elementor-open-lightbox=\"no\" data-index=\"4\" data-width=\"1500\" data-height=\"1000\"  >\n\t\t\t\t\t\t\t\t\t\t\t\t\t\t\t\t\n\t\t\t\t\t\t\t\t\t\t\t\t\t\t\t\t\t<img loading=\"lazy\" decoding=\"async\" class=\"woodmart-gallery-image image-4 \" src=\"https:\/\/kumahome.com.ar\/wp-content\/uploads\/2019\/07\/DSC_0840-1-900x600.jpg\" width=\"900\" height=\"600\" alt=\"DSC_0840\" title=\"DSC_0840\" \/>\t\t\t\t\t\t\t\t\t\t\t\t\t\t\t\t\n\t\t\t\t\t\t\t\t\n\t\t\t\t\t\t\t\t\t\t\t\t\t\t\t<\/a>\n\t\t\t\t\t\t\t\t\t\t\t\t<\/div>\n\t\t\t\t\t\t\t\t\t\t\t<div class=\"woodmart-gallery-item col-6\">\n\t\t\t\t\t\t\t\t\t\t\t\t\t\t<a href=\"https:\/\/kumahome.com.ar\/wp-content\/uploads\/2019\/07\/DSC_0844-1.jpg\" data-elementor-open-lightbox=\"no\" data-index=\"5\" data-width=\"1500\" data-height=\"1000\"  >\n\t\t\t\t\t\t\t\t\t\t\t\t\t\t\t\t\n\t\t\t\t\t\t\t\t\t\t\t\t\t\t\t\t\t<img loading=\"lazy\" decoding=\"async\" class=\"woodmart-gallery-image image-5 \" src=\"https:\/\/kumahome.com.ar\/wp-content\/uploads\/2019\/07\/DSC_0844-1-900x600.jpg\" width=\"900\" height=\"600\" alt=\"DSC_0844\" title=\"DSC_0844\" \/>\t\t\t\t\t\t\t\t\t\t\t\t\t\t\t\t\n\t\t\t\t\t\t\t\t\n\t\t\t\t\t\t\t\t\t\t\t\t\t\t\t<\/a>\n\t\t\t\t\t\t\t\t\t\t\t\t<\/div>\n\t\t\t\t\t\t\t\t\t\t\t<div class=\"woodmart-gallery-item col-6\">\n\t\t\t\t\t\t\t\t\t\t\t\t\t\t<a href=\"https:\/\/kumahome.com.ar\/wp-content\/uploads\/2019\/07\/DSC_0845-1.jpg\" data-elementor-open-lightbox=\"no\" data-index=\"6\" data-width=\"1500\" data-height=\"1000\"  >\n\t\t\t\t\t\t\t\t\t\t\t\t\t\t\t\t\n\t\t\t\t\t\t\t\t\t\t\t\t\t\t\t\t\t<img loading=\"lazy\" decoding=\"async\" class=\"woodmart-gallery-image image-6 \" src=\"https:\/\/kumahome.com.ar\/wp-content\/uploads\/2019\/07\/DSC_0845-1-900x600.jpg\" width=\"900\" height=\"600\" alt=\"DSC_0845\" title=\"DSC_0845\" \/>\t\t\t\t\t\t\t\t\t\t\t\t\t\t\t\t\n\t\t\t\t\t\t\t\t\n\t\t\t\t\t\t\t\t\t\t\t\t\t\t\t<\/a>\n\t\t\t\t\t\t\t\t\t\t\t\t<\/div>\n\t\t\t\t\t\t\t\t\t\t\t\t<\/div>\n\t\t<\/div>\n\t\t\t\t[\/vc_column][vc_column woodmart_color_scheme=\u00bbdark\u00bb css=\u00bb.vc_custom_1505897347535{padding-top: 2vh !important;padding-bottom: 2vh !important;background-position: 0 0 !important;background-repeat: no-repeat !important;}\u00bb offset=\u00bbvc_col-md-6 vc_col-xs-12&#8243;]\t\n\t\t\t<div id=\"wd-5d41b3aa230c6\" class=\"woodmart-text-block-wrapper color-scheme-custom woodmart-title-size-custom woodmart-title-width-100 text-left vc_custom_1564587360511\">\n\t\t\t\t<div class=\"woodmart-title-container woodmart-text-block font-primary woodmart-font-weight-400\">\n\t\t\t\t\tComo nuestra <em>fabrica<\/em> trabaja y dise\u00f1a todos <span class=\"color-primary\">nuestros productos.<\/span>\t\t\t\t<\/div>\n\t\t\t\t\t\n\t\t\t<\/div>\n\t\t[vc_zigzag align=\u00bbleft\u00bb el_width=\u00bb20&#8243; css=\u00bb.vc_custom_1506086489692{margin-top: 10px !important;margin-bottom: 10px !important;}\u00bb][vc_tta_accordion active_section=\u00bb\u00bb][vc_tta_section title=\u00bbVisi\u00f3n\u00bb tab_id=\u00bb1564583520811-49da54a9-0631&#8243;][vc_column_text text_larger=\u00bbno\u00bb]Ser la empresa referente en el pensamiento familiar, en la b\u00fasqueda del \u201cverdadero entretenimiento\u201d.<\/p>\n<p>Ofrecer a nuestros clientes un producto que cubra todas sus necesidades tanto en actividades, deportivas, laborales como de entretenimiento.<\/p>\n<p>Buscar que nuestros clientes vivan la vida al aire libre, cerca de la naturaleza disfrutando del esparcimiento y del entretenimiento que brinda un paseo en bicicleta.[\/vc_column_text][\/vc_tta_section][vc_tta_section title=\u00bbMisi\u00f3n\u00bb tab_id=\u00bb1564583520864-590e5336-8411&#8243;][vc_column_text text_larger=\u00bbno\u00bb]<\/p>\n<div class=\"content-container sh-page-layout-default\">\n<div class=\"container entry-content\">\n<div id=\"content\" class=\"page-content \">\n<div class=\"fw-page-builder-content\">\n<section class=\"sh-section sh-section-b04b7b34135f0b98fd669ae9c6963cdc fw-main-row sh-section-visibility-everywhere\">\n<div class=\"sh-section-container container\">\n<div class=\"fw-row\">\n<div class=\"sh-column sh-column-f0061d3c3cdf791951cb5b03dd783a26 fw-col-xs-12 fw-col-sm-6\">\n<div class=\"sh-column-wrapper\">\n<div id=\"accordion-5543a17fb9987164a898142834034f2d\" class=\"sh-accordion sh-accordion-style1 panel-group\" role=\"tablist\" aria-multiselectable=\"true\">\n<div class=\"sh-accordion-item panel panel-default\">\n<div id=\"collapse-5543a17fb9987164a898142834034f2d-1\" class=\"panel-collapse collapse in\" role=\"tabpanel\" aria-labelledby=\"heading-5543a17fb9987164a898142834034f2d-1\">\n<div class=\"panel-body\">\n<div class=\"sh-table\">\n<div class=\"sh-table-cell-top sh-accordion-content-cell\">\n<p>La finalidad de Industrias KMG acercar a nuestros clientes las mejores bicicletas del mercado, ser la empresa referente en bicicletas de Marca Propia y de Licencias para ni\u00f1os.<\/p>\n<p>Para ello trabajamos d\u00eda a d\u00eda en la b\u00fasqueda de la excelencia, la innovaci\u00f3n permanente y el establecimiento de los m\u00e1s altos est\u00e1ndares de conducta corporativa.<\/p>\n<p>Generar un ambiente de trabajo que promueva la comunicaci\u00f3n abierta que facilite el desarrollo personal y profesional de nuestros empleados.<\/p>\n<\/div>\n<\/div>\n<\/div>\n<\/div>\n<\/div>\n<\/div>\n<\/div>\n<\/div>\n<\/div>\n<\/div>\n<\/section>\n<\/div>\n<\/div>\n<\/div>\n<\/div>\n<p>[\/vc_column_text][\/vc_tta_section][\/vc_tta_accordion]<div id=\"wd-5d41b5f3c8ee9\" class=\"woodmart-button-wrapper text-center inline-element\"><a href=\"http:\/\/unibike.com.ar\/\" title=\"\" target=\"_blank\" class=\"btn btn-color-primary btn-style-default btn-shape-rectangle btn-size-default\">unibike.com.ar<\/a><\/div><div id=\"wd-5d41dd777b642\" class=\"woodmart-button-wrapper text-center inline-element\"><a href=\"https:\/\/kumahome.com.ar\/\" title=\"\" class=\"btn btn-color-default btn-style-bordered btn-shape-rectangle btn-size-default\">Inicio<\/a><\/div>[\/vc_column][\/vc_row]<\/p>\n","protected":false},"excerpt":{"rendered":"<p>[vc_row content_placement=\u00bbmiddle\u00bb css=\u00bb.vc_custom_1505555012006{margin-bottom: 5vh !important;}\u00bb][vc_column offset=\u00bbvc_col-md-6&#8243;][\/vc_column][vc_column woodmart_color_scheme=\u00bbdark\u00bb css=\u00bb.vc_custom_1505897347535{padding-top: 2vh !important;padding-bottom: 2vh !important;background-position: 0 0 !important;background-repeat: no-repeat !important;}\u00bb offset=\u00bbvc_col-md-6 vc_col-xs-12&#8243;][vc_zigzag align=\u00bbleft\u00bb<\/p>\n","protected":false},"author":1,"featured_media":0,"parent":0,"menu_order":0,"comment_status":"closed","ping_status":"closed","template":"","meta":{"footnotes":""},"_links":{"self":[{"href":"https:\/\/kumahome.com.ar\/index.php\/wp-json\/wp\/v2\/pages\/3515"}],"collection":[{"href":"https:\/\/kumahome.com.ar\/index.php\/wp-json\/wp\/v2\/pages"}],"about":[{"href":"https:\/\/kumahome.com.ar\/index.php\/wp-json\/wp\/v2\/types\/page"}],"author":[{"embeddable":true,"href":"https:\/\/kumahome.com.ar\/index.php\/wp-json\/wp\/v2\/users\/1"}],"replies":[{"embeddable":true,"href":"https:\/\/kumahome.com.ar\/index.php\/wp-json\/wp\/v2\/comments?post=3515"}],"version-history":[{"count":16,"href":"https:\/\/kumahome.com.ar\/index.php\/wp-json\/wp\/v2\/pages\/3515\/revisions"}],"predecessor-version":[{"id":4652,"href":"https:\/\/kumahome.com.ar\/index.php\/wp-json\/wp\/v2\/pages\/3515\/revisions\/4652"}],"wp:attachment":[{"href":"https:\/\/kumahome.com.ar\/index.php\/wp-json\/wp\/v2\/media?parent=3515"}],"curies":[{"name":"wp","href":"https:\/\/api.w.org\/{rel}","templated":true}]}}